{"id":1306,"date":"2022-10-05T20:19:05","date_gmt":"2022-10-05T20:19:05","guid":{"rendered":"https:\/\/skresau.fi\/wordpress\/index.php\/about\/"},"modified":"2022-10-11T17:13:27","modified_gmt":"2022-10-11T17:13:27","slug":"about","status":"publish","type":"page","link":"https:\/\/skresau.fi\/index.php\/about\/","title":{"rendered":"About"},"content":{"rendered":"\t\t<div data-elementor-type=\"wp-post\" data-elementor-id=\"1306\" class=\"elementor elementor-1306\">\n\t\t\t\t\t\t\t\t\t<section class=\"elementor-section elementor-top-section elementor-element elementor-element-514bf798 elementor-section-boxed elementor-section-height-default elementor-section-height-default\" data-id=\"514bf798\" data-element_type=\"section\" data-settings=\"{&quot;background_background&quot;:&quot;classic&quot;}\">\n\t\t\t\t\t\t\t<div class=\"elementor-background-overlay\"><\/div>\n\t\t\t\t\t\t\t<div class=\"elementor-container elementor-column-gap-default\">\n\t\t\t\t\t<div class=\"elementor-column elementor-col-100 elementor-top-column elementor-element elementor-element-787366a2\" data-id=\"787366a2\" data-element_type=\"column\">\n\t\t\t<div class=\"elementor-widget-wrap elementor-element-populated\">\n\t\t\t\t\t\t\t\t<div class=\"elementor-element elementor-element-3cd579f8 elementor-invisible elementor-widget elementor-widget-heading\" data-id=\"3cd579f8\" data-element_type=\"widget\" data-settings=\"{&quot;_animation&quot;:&quot;fadeInUp&quot;}\" data-widget_type=\"heading.default\">\n\t\t\t\t<div class=\"elementor-widget-container\">\n\t\t\t<style>\/*! elementor - v3.7.8 - 02-10-2022 *\/\n.elementor-heading-title{padding:0;margin:0;line-height:1}.elementor-widget-heading .elementor-heading-title[class*=elementor-size-]>a{color:inherit;font-size:inherit;line-height:inherit}.elementor-widget-heading .elementor-heading-title.elementor-size-small{font-size:15px}.elementor-widget-heading .elementor-heading-title.elementor-size-medium{font-size:19px}.elementor-widget-heading .elementor-heading-title.elementor-size-large{font-size:29px}.elementor-widget-heading .elementor-heading-title.elementor-size-xl{font-size:39px}.elementor-widget-heading .elementor-heading-title.elementor-size-xxl{font-size:59px}<\/style><h1 class=\"elementor-heading-title elementor-size-default\">HISTORIA<\/h1>\t\t<\/div>\n\t\t\t\t<\/div>\n\t\t\t\t\t<\/div>\n\t\t<\/div>\n\t\t\t\t\t\t\t<\/div>\n\t\t<\/section>\n\t\t\t\t<section class=\"elementor-section elementor-top-section elementor-element elementor-element-4d50ddb1 elementor-section-boxed elementor-section-height-default elementor-section-height-default\" data-id=\"4d50ddb1\" data-element_type=\"section\">\n\t\t\t\t\t\t<div class=\"elementor-container elementor-column-gap-default\">\n\t\t\t\t\t<div class=\"elementor-column elementor-col-50 elementor-top-column elementor-element elementor-element-3116ff1c\" data-id=\"3116ff1c\" data-element_type=\"column\">\n\t\t\t<div class=\"elementor-widget-wrap elementor-element-populated\">\n\t\t\t\t\t\t\t\t<div class=\"elementor-element elementor-element-2da2aa53 elementor-widget elementor-widget-heading\" data-id=\"2da2aa53\" data-element_type=\"widget\" data-widget_type=\"heading.default\">\n\t\t\t\t<div class=\"elementor-widget-container\">\n\t\t\t<h2 class=\"elementor-heading-title elementor-size-default\">YHDISTYKSEN HISTORIAA<\/h2>\t\t<\/div>\n\t\t\t\t<\/div>\n\t\t\t\t<div class=\"elementor-element elementor-element-742dc222 elementor-widget-divider--view-line elementor-widget elementor-widget-divider\" data-id=\"742dc222\" data-element_type=\"widget\" data-widget_type=\"divider.default\">\n\t\t\t\t<div class=\"elementor-widget-container\">\n\t\t\t<style>\/*! elementor - v3.7.8 - 02-10-2022 *\/\n.elementor-widget-divider{--divider-border-style:none;--divider-border-width:1px;--divider-color:#2c2c2c;--divider-icon-size:20px;--divider-element-spacing:10px;--divider-pattern-height:24px;--divider-pattern-size:20px;--divider-pattern-url:none;--divider-pattern-repeat:repeat-x}.elementor-widget-divider .elementor-divider{display:-webkit-box;display:-ms-flexbox;display:flex}.elementor-widget-divider .elementor-divider__text{font-size:15px;line-height:1;max-width:95%}.elementor-widget-divider .elementor-divider__element{margin:0 var(--divider-element-spacing);-ms-flex-negative:0;flex-shrink:0}.elementor-widget-divider .elementor-icon{font-size:var(--divider-icon-size)}.elementor-widget-divider .elementor-divider-separator{display:-webkit-box;display:-ms-flexbox;display:flex;margin:0;direction:ltr}.elementor-widget-divider--view-line_icon .elementor-divider-separator,.elementor-widget-divider--view-line_text .elementor-divider-separator{-webkit-box-align:center;-ms-flex-align:center;align-items:center}.elementor-widget-divider--view-line_icon .elementor-divider-separator:after,.elementor-widget-divider--view-line_icon .elementor-divider-separator:before,.elementor-widget-divider--view-line_text .elementor-divider-separator:after,.elementor-widget-divider--view-line_text .elementor-divider-separator:before{display:block;content:\"\";border-bottom:0;-webkit-box-flex:1;-ms-flex-positive:1;flex-grow:1;border-top:var(--divider-border-width) var(--divider-border-style) var(--divider-color)}.elementor-widget-divider--element-align-left .elementor-divider .elementor-divider-separator>.elementor-divider__svg:first-of-type{-webkit-box-flex:0;-ms-flex-positive:0;flex-grow:0;-ms-flex-negative:100;flex-shrink:100}.elementor-widget-divider--element-align-left .elementor-divider-separator:before{content:none}.elementor-widget-divider--element-align-left .elementor-divider__element{margin-left:0}.elementor-widget-divider--element-align-right .elementor-divider .elementor-divider-separator>.elementor-divider__svg:last-of-type{-webkit-box-flex:0;-ms-flex-positive:0;flex-grow:0;-ms-flex-negative:100;flex-shrink:100}.elementor-widget-divider--element-align-right .elementor-divider-separator:after{content:none}.elementor-widget-divider--element-align-right .elementor-divider__element{margin-right:0}.elementor-widget-divider:not(.elementor-widget-divider--view-line_text):not(.elementor-widget-divider--view-line_icon) .elementor-divider-separator{border-top:var(--divider-border-width) var(--divider-border-style) var(--divider-color)}.elementor-widget-divider--separator-type-pattern{--divider-border-style:none}.elementor-widget-divider--separator-type-pattern.elementor-widget-divider--view-line .elementor-divider-separator,.elementor-widget-divider--separator-type-pattern:not(.elementor-widget-divider--view-line) .elementor-divider-separator:after,.elementor-widget-divider--separator-type-pattern:not(.elementor-widget-divider--view-line) .elementor-divider-separator:before,.elementor-widget-divider--separator-type-pattern:not([class*=elementor-widget-divider--view]) .elementor-divider-separator{width:100%;min-height:var(--divider-pattern-height);-webkit-mask-size:var(--divider-pattern-size) 100%;mask-size:var(--divider-pattern-size) 100%;-webkit-mask-repeat:var(--divider-pattern-repeat);mask-repeat:var(--divider-pattern-repeat);background-color:var(--divider-color);-webkit-mask-image:var(--divider-pattern-url);mask-image:var(--divider-pattern-url)}.elementor-widget-divider--no-spacing{--divider-pattern-size:auto}.elementor-widget-divider--bg-round{--divider-pattern-repeat:round}.rtl .elementor-widget-divider .elementor-divider__text{direction:rtl}.e-container>.elementor-widget-divider{width:var(--container-widget-width,100%);--flex-grow:var(--container-widget-flex-grow,0)}<\/style>\t\t<div class=\"elementor-divider\">\n\t\t\t<span class=\"elementor-divider-separator\">\n\t\t\t\t\t\t<\/span>\n\t\t<\/div>\n\t\t\t\t<\/div>\n\t\t\t\t<\/div>\n\t\t\t\t<div class=\"elementor-element elementor-element-309983ee elementor-widget elementor-widget-text-editor\" data-id=\"309983ee\" data-element_type=\"widget\" data-widget_type=\"text-editor.default\">\n\t\t\t\t<div class=\"elementor-widget-container\">\n\t\t\t<style>\/*! elementor - v3.7.8 - 02-10-2022 *\/\n.elementor-widget-text-editor.elementor-drop-cap-view-stacked .elementor-drop-cap{background-color:#818a91;color:#fff}.elementor-widget-text-editor.elementor-drop-cap-view-framed .elementor-drop-cap{color:#818a91;border:3px solid;background-color:transparent}.elementor-widget-text-editor:not(.elementor-drop-cap-view-default) .elementor-drop-cap{margin-top:8px}.elementor-widget-text-editor:not(.elementor-drop-cap-view-default) .elementor-drop-cap-letter{width:1em;height:1em}.elementor-widget-text-editor .elementor-drop-cap{float:left;text-align:center;line-height:1;font-size:50px}.elementor-widget-text-editor .elementor-drop-cap-letter{display:inline-block}<\/style>\t\t\t\t<p>KUUSI VUOSIKYMMENT\u00c4 VAPAAEHTOISTA MAANPUOLUSTUSTY\u00d6T\u00c4<\/p>\t\t\t\t\t\t<\/div>\n\t\t\t\t<\/div>\n\t\t\t\t\t<\/div>\n\t\t<\/div>\n\t\t\t\t<div class=\"elementor-column elementor-col-50 elementor-top-column elementor-element elementor-element-35d74ed9\" data-id=\"35d74ed9\" data-element_type=\"column\">\n\t\t\t<div class=\"elementor-widget-wrap elementor-element-populated\">\n\t\t\t\t\t\t\t\t<div class=\"elementor-element elementor-element-7f48648 elementor-widget elementor-widget-image\" data-id=\"7f48648\" data-element_type=\"widget\" data-widget_type=\"image.default\">\n\t\t\t\t<div class=\"elementor-widget-container\">\n\t\t\t<style>\/*! elementor - v3.7.8 - 02-10-2022 *\/\n.elementor-widget-image{text-align:center}.elementor-widget-image a{display:inline-block}.elementor-widget-image a img[src$=\".svg\"]{width:48px}.elementor-widget-image img{vertical-align:middle;display:inline-block}<\/style>\t\t\t\t\t\t\t\t\t\t\t\t<img loading=\"lazy\" decoding=\"async\" width=\"477\" height=\"357\" src=\"https:\/\/skresau.fi\/wp-content\/uploads\/2022\/10\/IM000258.jpg\" class=\"attachment-full size-full\" alt=\"\" srcset=\"https:\/\/skresau.fi\/wp-content\/uploads\/2022\/10\/IM000258.jpg 477w, https:\/\/skresau.fi\/wp-content\/uploads\/2022\/10\/IM000258-300x225.jpg 300w\" sizes=\"auto, (max-width: 477px) 100vw, 477px\" \/>\t\t\t\t\t\t\t\t\t\t\t\t\t\t\t<\/div>\n\t\t\t\t<\/div>\n\t\t\t\t\t<\/div>\n\t\t<\/div>\n\t\t\t\t\t\t\t<\/div>\n\t\t<\/section>\n\t\t\t\t<section class=\"elementor-section elementor-top-section elementor-element elementor-element-1a5f6afc elementor-section-boxed elementor-section-height-default elementor-section-height-default\" data-id=\"1a5f6afc\" data-element_type=\"section\">\n\t\t\t\t\t\t<div class=\"elementor-container elementor-column-gap-default\">\n\t\t\t\t\t<div class=\"elementor-column elementor-col-100 elementor-top-column elementor-element elementor-element-6efb59e9\" data-id=\"6efb59e9\" data-element_type=\"column\">\n\t\t\t<div class=\"elementor-widget-wrap elementor-element-populated\">\n\t\t\t\t\t\t\t\t<div class=\"elementor-element elementor-element-9de672f elementor-widget elementor-widget-text-editor\" data-id=\"9de672f\" data-element_type=\"widget\" data-widget_type=\"text-editor.default\">\n\t\t\t\t<div class=\"elementor-widget-container\">\n\t\t\t\t\t\t\t<p>Marraskuun 19 p\u00e4iv\u00e4n\u00e4 1956 kokoontui 17 S\u00e4kyl\u00e4n ja K\u00f6yli\u00f6n miest\u00e4 L\u00e4nnen Sokerin juhlasaliin perustamaan Reservin Aliupseeriyhdistyst\u00e4. Satakunnan Reservinaliupseeripiirin edustaja Eino Takala avasi kokouksen ja kertoi reservil\u00e4istoiminnasta sek\u00e4 yhdistyksen perustamiseen liittyvist\u00e4 asioista. Kokouksen puheenjohtajaksi valittiin A.O. Valtonen ja sihteeriksi Pentti Helminen. Puheenjohtajan kysymykseen, perustetaanko S\u00e4kyl\u00e4n ja K\u00f6yli\u00f6n reservin aliupseereiden keskuuteen yhdistys, saatiin yksimielinen kyll\u00e4 -vastaus ja yhdistyksen nimeksi p\u00e4\u00e4tettiin: S\u00e4kyl\u00e4n-K\u00f6yli\u00f6n Reservin aliupseerit ry.<\/p>\n<p>Kokous asetti nelihenkisen toimikunnan valmistelemaan yhdistyksen perustamista. Toimikuntaan kuuluivat Ilmari Rajala, Toivo Putko, A.O. Valtonen sek\u00e4 Pentti Helminen. Toimikunta allekirjoitti yhdistyksen perustamiskirjan ja anoivat yhdistyksen perustamislupaa Sis\u00e4asiainministeri\u00f6lt\u00e4 19.11.56 p\u00e4iv\u00e4tyll\u00e4 hakemuksella. Ministeri\u00f6 antoi 22. maaliskuuta 1957 seuraavan p\u00e4\u00e4t\u00f6ksen:<\/p>\n<p>\u201dSis\u00e4asiainministeri\u00f6 on t\u00e4m\u00e4n asian k\u00e4sitellyt ja nojautuen yhdistyksist\u00e4 4 p\u00e4iv\u00e4n\u00e4 tammikuuta 1919 annetun lain 2\u00a7:\u00e4\u00e4n my\u00f6nt\u00e4nyt luvan S\u00e4kyl\u00e4n-K\u00f6yli\u00f6n Reservialiupseerit -nimisen yhdistyksen perustamiseen. T\u00e4m\u00e4 lupa on voimassa ehdolla, ett\u00e4 yhdistys ilmoitetaan yhdistyslaissa s\u00e4\u00e4detyss\u00e4 j\u00e4rjestyksess\u00e4 merkitt\u00e4v\u00e4ksi yhdistysrekisteriin.\u201d<\/p>\n<p>P\u00e4\u00e4t\u00f6ksen olivat allekirjoittaneet ministeri Vilho V\u00e4yrynen ja nuorempi hallintosihteeri Erkki Laaksovirta.<\/p>\n<p>Yhdistyksen ensimm\u00e4inen vaalikokous pidettiin 14.12.56 VPK:n kokoushuoneessa. Paikalla oli 21 j\u00e4sent\u00e4. Kokous valitsi yhdistyksen ensimm\u00e4iseksi puheenjohtajaksi Oiva Hulmin ja johtokuntaan 8 j\u00e4sent\u00e4, joista puolet S\u00e4kyl\u00e4st\u00e4 ja puolet K\u00f6yli\u00f6st\u00e4.<\/p>\n<p>Yhdistyksen alkuajan toimintaa kuvaa Vilho Sepp\u00e4l\u00e4 seuraavasti:<\/p>\n<p>&#8220;Kuten kaikki tied\u00e4mme, elimme k\u00e4ytyjen sotien j\u00e4lkeen hyvin kriittist\u00e4 aikaa. Valvontakomissio oli lakkauttanut vanhat maanpuolustusj\u00e4rjest\u00f6t: Suojeluskunnat ja Lotta Sv\u00e4rdin. Tietyt tahot seurasivat hyvin tarkkaan meid\u00e4nkin j\u00e4rjest\u00f6mme toimintaa ja sen muotoja. Oli keksitt\u00e4v\u00e4 hyvi\u00e4 ja tarkoitukseen sopivia toimintatapoja. Alkuvuosien ensimm\u00e4isi\u00e4 harrastuksia oli suunnistus ja kartanluku. Tosin silloiset k\u00e4yt\u00f6ss\u00e4mme olleet kartat olivat hyvin heikkoja ja ep\u00e4tarkkoja verrattuina nykyisiin. Mutta me, sodissa olleet, osasimme niit\u00e4kin lukea. Eiv\u00e4t ne \u201dsiell\u00e4 jossakin\u201d olleet t\u00e4llaisiakaan. N\u00e4in syntyiv\u00e4t \u201dHerrasmieskilpailut\u201d, joissa hiihdettiin, suunnistettiin, arvioitiin matkoja sek\u00e4 ammuttiin pistoolilla. Se oli aika monipuolista ja oltiin tyytyv\u00e4isi\u00e4 vaikka osallistujien m\u00e4\u00e4r\u00e4 ei niin runsas ollutkaan.<\/p>\n<p>Kaivattiin lis\u00e4\u00e4 harrastusmuotoja. En muista kuka sen keksi, ett\u00e4 alettaisiin ampua pienoiskiv\u00e4\u00e4rill\u00e4 sis\u00e4radalla. Pienoiskiv\u00e4\u00e4reit\u00e4 oli vanhastaan ja saimme ostaakin yhden edullisesti, joten siit\u00e4 vaan ampumaan. Paikan, jossa olisi hyv\u00e4t valot ja melko l\u00e4mmint\u00e4, hakeminen oli vaikeaa. Ei ollut viel\u00e4 silloin Porin Prikaatia ja sen mahtavia ampumaratoja t\u00e4\u00e4ll\u00e4 S\u00e4kyl\u00e4ss\u00e4. Paikka kuitenkin l\u00f6ytyi. Se oli entinen Suojeluskuntatalo Honkala. Sinne rakennettiin asianmukaiset ja turvalliset taulut pienoiskiv\u00e4\u00e4rill\u00e4 ammuntaa varten. Taulujen arkkitehti ja tekij\u00e4 oli kaiketi, nyt jo edesmennyt, Oiva Hulmi. Kerran viikossa siell\u00e4 iltaisin paukuteltiin, kilpailtiin kesken\u00e4mme sek\u00e4 ennen kaikkea itsemme kanssa. Kyll\u00e4 se tuntui mahtavalta kun tulokset paranivat kerta toisensa j\u00e4lkeen. Pienoiskiv\u00e4\u00e4reit\u00e4 ei ollut jokaisella, mutta laina-aseella sekin j\u00e4rjestyi. Vakioporukkaa meit\u00e4 oli alun toistakymment\u00e4. Omakohtaisesti voin kertoa, ett\u00e4 kun sinne k\u00e4vi ampuma-asentoon ja n\u00e4ki t\u00e4ht\u00e4imen takaa sen mustan t\u00e4pl\u00e4n, niin ulkomaailma unohtui. Itsell\u00e4ni oli silloin t\u00f6iss\u00e4 kaikkein kovin \u201dsesonki\u201d, mutta kyll\u00e4 sen illan aina yritti j\u00e4rjest\u00e4\u00e4 vapaaksi. Pitkin kiv\u00e4\u00e4rin piippua katsellessa unohtuivat ty\u00f6asiat ja muutkin el\u00e4m\u00e4n murheet.<\/p>\n<p>T\u00e4m\u00e4 viikoittainen tapaaminen oli muutenkin hyv\u00e4 yhdysside seuratoimintaa ajatellen. Saimme keskustella sellaisistakin asioista, joita ei l\u00f6ytynyt sanomalehtien palstoilta. Paransimme maailmaa ja ennen kaikkea olimme huolissamme maamme kohtalosta.&#8221;<\/p>\n<p>Vilho Sepp\u00e4l\u00e4n kertoman suunnistus- ja ampumaharrastuksen lis\u00e4ksi kuului yhdistyksen toimintaan, varsinkin 60-luvulla, suunnistus- ja tarkkuusajot. Yhdistys j\u00e4rjesti useita kilpailuja ja j\u00e4senet osallistuivat ahkerasti my\u00f6s muiden j\u00e4rjest\u00e4miin kilpailuihin.<\/p>\n<p>Porin Prikaatin siirtyminen Turusta S\u00e4kyl\u00e4\u00e4n vuonna 1963 avasi uuden lehden yhdistyksen historiassa. Sill\u00e4 tuella, jonka olemme saaneet vuosien mittaan Porin Prikaatilta ja sen henkil\u00f6st\u00f6lt\u00e4, on ollut ratkaiseva merkitys yhdistyksemme kehityksess\u00e4. P\u00e4\u00e4llyst\u00f6kerholta olemme saaneet erinomaiset tilat ja tarjoilut juhliimme ja kokouksiimme. Yhteistoiminta Kerhon kanssa on monipuolistuttanut toimintaamme. Lis\u00e4ksi Porin Prikaatin tuen turvin olemme voineet ottaa j\u00e4rjestett\u00e4v\u00e4ksemme useita arvokilpailuja.<\/p>\n<p>Yhdistys on tehnyt vuosien mittaan useita matkoja, retki\u00e4 ja tutustumisk\u00e4yntej\u00e4 lukuisiin eri kohteisiin. Suosittuja kohteita ovat olleet vierailut eri joukko-osastoissa ja heid\u00e4n harjoituksissaan. Lis\u00e4ksi vierailukohteina ovat olleet monet yritykset, aliupseeriyhdistykset ja esimerkiksi Kaunialan sotavammasairaala sek\u00e4 Salpalinja Miehikk\u00e4l\u00e4ss\u00e4.<\/p>\n<p>Yhdistys on ollut koko toimintansa ajan mukana avustamassa sotiemme veteraaneja. T\u00e4m\u00e4 on ollut meille kunnia-asia. Sotainvalidien syysker\u00e4ys on ollut l\u00e4hes jokavuotinen tapahtuma, johon olemme voineet osallistua. Erityinen luottamuksen osoitus on meille ollut teht\u00e4v\u00e4, jonka saimme Talvisodan Summan Miehilt\u00e4. Heid\u00e4n l\u00e4htiess\u00e4 viimeiselle matkalle olemme olleet heit\u00e4 saattamassa ja laskemassa havuseppeleen heid\u00e4n kummulleen. Er\u00e4\u00e4ksi esimerkiksi yhdistyksen harjoittamasta avustusty\u00f6st\u00e4 sopii tekem\u00e4mme tempaus, jolla ker\u00e4ttiin varoja Inkerinsuomalaisten sotaveteraanien kuntouttamiseksi Suomessa.<\/p>\n<p>Yhdistyksemme arvokkain tunnus &#8211; oma lippu &#8211; naulattiin ja vihittiin 22.11.1981. Lipun suunnitteli Veikko Kari ja vihkimisen toimitti l\u00e4\u00e4ninrovasti Pentti Raunio. Olemme n\u00e4hneet lippumme monasti liehumassa S\u00e4kyl\u00e4n ja K\u00f6yli\u00f6n sankarihaudoilla. Jatkukoon t\u00e4m\u00e4 kunniakas perinne tulevina vuosina ja muistuttakoon meit\u00e4 teht\u00e4v\u00e4st\u00e4mme Is\u00e4nmaan hyv\u00e4ksi.<\/p>\t\t\t\t\t\t<\/div>\n\t\t\t\t<\/div>\n\t\t\t\t\t<\/div>\n\t\t<\/div>\n\t\t\t\t\t\t\t<\/div>\n\t\t<\/section>\n\t\t\t\t\t\t\t<\/div>\n\t\t","protected":false},"excerpt":{"rendered":"<p>HISTORIA YHDISTYKSEN HISTORIAA KUUSI VUOSIKYMMENT\u00c4 VAPAAEHTOISTA MAANPUOLUSTUSTY\u00d6T\u00c4 Marraskuun 19 p\u00e4iv\u00e4n\u00e4 1956 kokoontui 17 S\u00e4kyl\u00e4n ja K\u00f6yli\u00f6n miest\u00e4 L\u00e4nnen Sokerin juhlasaliin perustamaan Reservin Aliupseeriyhdistyst\u00e4. Satakunnan Reservinaliupseeripiirin edustaja Eino Takala avasi kokouksen ja kertoi reservil\u00e4istoiminnasta sek\u00e4 yhdistyksen perustamiseen liittyvist\u00e4 asioista. Kokouksen puheenjohtajaksi valittiin A.O. Valtonen ja sihteeriksi Pentti Helminen. Puheenjohtajan kysymykseen, perustetaanko S\u00e4kyl\u00e4n ja K\u00f6yli\u00f6n reservin aliupseereiden &hellip;<\/p>\n<p class=\"read-more\"> <a class=\"\" href=\"https:\/\/skresau.fi\/index.php\/about\/\"> <span class=\"screen-reader-text\">About<\/span> Read More &raquo;<\/a><\/p>\n","protected":false},"author":1,"featured_media":0,"parent":0,"menu_order":0,"comment_status":"closed","ping_status":"closed","template":"","meta":{"site-sidebar-layout":"no-sidebar","site-content-layout":"page-builder","ast-global-header-display":"","ast-main-header-display":"","ast-hfb-above-header-display":"","ast-hfb-below-header-display":"","ast-hfb-mobile-header-display":"","site-post-title":"disabled","ast-breadcrumbs-content":"","ast-featured-img":"disabled","footer-sml-layout":"","theme-transparent-header-meta":"enabled","adv-header-id-meta":"","stick-header-meta":"","header-above-stick-meta":"","header-main-stick-meta":"","header-below-stick-meta":"","footnotes":""},"class_list":["post-1306","page","type-page","status-publish","hentry"],"_links":{"self":[{"href":"https:\/\/skresau.fi\/index.php\/wp-json\/wp\/v2\/pages\/1306","targetHints":{"allow":["GET"]}}],"collection":[{"href":"https:\/\/skresau.fi\/index.php\/wp-json\/wp\/v2\/pages"}],"about":[{"href":"https:\/\/skresau.fi\/index.php\/wp-json\/wp\/v2\/types\/page"}],"author":[{"embeddable":true,"href":"https:\/\/skresau.fi\/index.php\/wp-json\/wp\/v2\/users\/1"}],"replies":[{"embeddable":true,"href":"https:\/\/skresau.fi\/index.php\/wp-json\/wp\/v2\/comments?post=1306"}],"version-history":[{"count":21,"href":"https:\/\/skresau.fi\/index.php\/wp-json\/wp\/v2\/pages\/1306\/revisions"}],"predecessor-version":[{"id":1530,"href":"https:\/\/skresau.fi\/index.php\/wp-json\/wp\/v2\/pages\/1306\/revisions\/1530"}],"wp:attachment":[{"href":"https:\/\/skresau.fi\/index.php\/wp-json\/wp\/v2\/media?parent=1306"}],"curies":[{"name":"wp","href":"https:\/\/api.w.org\/{rel}","templated":true}]}}