{"id":1294,"date":"2022-10-05T20:19:04","date_gmt":"2022-10-05T20:19:04","guid":{"rendered":"https:\/\/skresau.fi\/wordpress\/index.php\/links\/"},"modified":"2022-10-11T17:16:34","modified_gmt":"2022-10-11T17:16:34","slug":"links","status":"publish","type":"page","link":"https:\/\/skresau.fi\/index.php\/links\/","title":{"rendered":"Links"},"content":{"rendered":"\t\t<div data-elementor-type=\"wp-page\" data-elementor-id=\"1294\" class=\"elementor elementor-1294\">\n\t\t\t\t\t\t\t\t\t<section class=\"elementor-section elementor-top-section elementor-element elementor-element-4ac3fe4 elementor-section-boxed elementor-section-height-default elementor-section-height-default\" data-id=\"4ac3fe4\" data-element_type=\"section\" data-settings=\"{&quot;background_background&quot;:&quot;classic&quot;}\">\n\t\t\t\t\t\t<div class=\"elementor-container elementor-column-gap-default\">\n\t\t\t\t\t<div class=\"elementor-column elementor-col-100 elementor-top-column elementor-element elementor-element-4713a462\" data-id=\"4713a462\" data-element_type=\"column\">\n\t\t\t<div class=\"elementor-widget-wrap elementor-element-populated\">\n\t\t\t\t\t\t\t\t<div class=\"elementor-element elementor-element-73b0c57a elementor-invisible elementor-widget elementor-widget-heading\" data-id=\"73b0c57a\" data-element_type=\"widget\" data-settings=\"{&quot;_animation&quot;:&quot;fadeInUp&quot;}\" data-widget_type=\"heading.default\">\n\t\t\t\t<div class=\"elementor-widget-container\">\n\t\t\t<style>\/*! elementor - v3.7.8 - 02-10-2022 *\/\n.elementor-heading-title{padding:0;margin:0;line-height:1}.elementor-widget-heading .elementor-heading-title[class*=elementor-size-]>a{color:inherit;font-size:inherit;line-height:inherit}.elementor-widget-heading .elementor-heading-title.elementor-size-small{font-size:15px}.elementor-widget-heading .elementor-heading-title.elementor-size-medium{font-size:19px}.elementor-widget-heading .elementor-heading-title.elementor-size-large{font-size:29px}.elementor-widget-heading .elementor-heading-title.elementor-size-xl{font-size:39px}.elementor-widget-heading .elementor-heading-title.elementor-size-xxl{font-size:59px}<\/style><h1 class=\"elementor-heading-title elementor-size-default\">LINKIT TOISAALLE<\/h1>\t\t<\/div>\n\t\t\t\t<\/div>\n\t\t\t\t\t<\/div>\n\t\t<\/div>\n\t\t\t\t\t\t\t<\/div>\n\t\t<\/section>\n\t\t\t\t<section class=\"elementor-section elementor-top-section elementor-element elementor-element-788bc1fa elementor-section-boxed elementor-section-height-default elementor-section-height-default\" data-id=\"788bc1fa\" data-element_type=\"section\">\n\t\t\t\t\t\t<div class=\"elementor-container elementor-column-gap-default\">\n\t\t\t\t\t<div class=\"elementor-column elementor-col-100 elementor-top-column elementor-element elementor-element-51b900f2\" data-id=\"51b900f2\" data-element_type=\"column\">\n\t\t\t<div class=\"elementor-widget-wrap elementor-element-populated\">\n\t\t\t\t\t\t\t\t<div class=\"elementor-element elementor-element-5deaa7e4 elementor-widget elementor-widget-heading\" data-id=\"5deaa7e4\" data-element_type=\"widget\" data-widget_type=\"heading.default\">\n\t\t\t\t<div class=\"elementor-widget-container\">\n\t\t\t<h2 class=\"elementor-heading-title elementor-size-default\">Alla hy\u00f6dyllisi\u00e4 linkkej\u00e4 reservil\u00e4iselle<\/h2>\t\t<\/div>\n\t\t\t\t<\/div>\n\t\t\t\t\t<\/div>\n\t\t<\/div>\n\t\t\t\t\t\t\t<\/div>\n\t\t<\/section>\n\t\t\t\t<section class=\"elementor-section elementor-top-section elementor-element elementor-element-1c59f512 elementor-section-boxed elementor-section-height-default elementor-section-height-default\" data-id=\"1c59f512\" data-element_type=\"section\">\n\t\t\t\t\t\t<div class=\"elementor-container elementor-column-gap-default\">\n\t\t\t\t\t<div class=\"elementor-column elementor-col-100 elementor-top-column elementor-element elementor-element-2d9abd1f\" data-id=\"2d9abd1f\" data-element_type=\"column\">\n\t\t\t<div class=\"elementor-widget-wrap elementor-element-populated\">\n\t\t\t\t\t\t\t\t<div class=\"elementor-element elementor-element-5bc8dc50 elementor-widget elementor-widget-text-editor\" data-id=\"5bc8dc50\" data-element_type=\"widget\" data-widget_type=\"text-editor.default\">\n\t\t\t\t<div class=\"elementor-widget-container\">\n\t\t\t<style>\/*! elementor - v3.7.8 - 02-10-2022 *\/\n.elementor-widget-text-editor.elementor-drop-cap-view-stacked .elementor-drop-cap{background-color:#818a91;color:#fff}.elementor-widget-text-editor.elementor-drop-cap-view-framed .elementor-drop-cap{color:#818a91;border:3px solid;background-color:transparent}.elementor-widget-text-editor:not(.elementor-drop-cap-view-default) .elementor-drop-cap{margin-top:8px}.elementor-widget-text-editor:not(.elementor-drop-cap-view-default) .elementor-drop-cap-letter{width:1em;height:1em}.elementor-widget-text-editor .elementor-drop-cap{float:left;text-align:center;line-height:1;font-size:50px}.elementor-widget-text-editor .elementor-drop-cap-letter{display:inline-block}<\/style>\t\t\t\t<p style=\"text-align: center;\"><a href=\"http:\/\/www.mil.fi\/\" target=\"_blank\" rel=\"noopener\">Puolustusvoimat<\/a><br \/><a href=\"https:\/\/www.mpk.fi\/\" target=\"_blank\" rel=\"noopener\">Maanpuolustuskoulutus ry (MPK)<\/a><br \/><a href=\"http:\/\/www.reservilaisliitto.fi\/\" target=\"_blank\" rel=\"noopener\">Reservil\u00e4isliitto ry<\/a><br \/><a href=\"http:\/\/kotisivu.dnainternet.net\/srup\/\" target=\"_blank\" rel=\"noopener\">Satakunnan Reservil\u00e4ispiiri ry<\/a><br \/><a href=\"https:\/\/www.reservilaisliitto.fi\/jasenille\/tapahtumakalenteri\" target=\"_blank\" rel=\"noopener\">Satakunnan reservil\u00e4ispiirin tapahtumakalenteri<\/a><br \/><a href=\"http:\/\/www.mpkl.fi\/\" target=\"_blank\" rel=\"noopener\">Maanpuolustuskiltojen liitto ry<\/a><br \/><a href=\"http:\/\/www.rul.fi\/\" target=\"_blank\" rel=\"noopener\">Suomen Reserviupseeriliitto<\/a><br \/><a href=\"http:\/\/www.finlex.fi\/fi\/laki\/ajantasa\/1998\/19980001\" target=\"_blank\" rel=\"noopener\">Ampuma-aselaki (finlex.fi)<\/a><\/p>\t\t\t\t\t\t<\/div>\n\t\t\t\t<\/div>\n\t\t\t\t\t<\/div>\n\t\t<\/div>\n\t\t\t\t\t\t\t<\/div>\n\t\t<\/section>\n\t\t\t\t\t\t\t<\/div>\n\t\t","protected":false},"excerpt":{"rendered":"<p>LINKIT TOISAALLE Alla hy\u00f6dyllisi\u00e4 linkkej\u00e4 reservil\u00e4iselle PuolustusvoimatMaanpuolustuskoulutus ry (MPK)Reservil\u00e4isliitto rySatakunnan Reservil\u00e4ispiiri rySatakunnan reservil\u00e4ispiirin tapahtumakalenteriMaanpuolustuskiltojen liitto rySuomen ReserviupseeriliittoAmpuma-aselaki (finlex.fi)<\/p>\n","protected":false},"author":1,"featured_media":0,"parent":0,"menu_order":0,"comment_status":"closed","ping_status":"closed","template":"","meta":{"site-sidebar-layout":"no-sidebar","site-content-layout":"page-builder","ast-global-header-display":"","ast-main-header-display":"","ast-hfb-above-header-display":"","ast-hfb-below-header-display":"","ast-hfb-mobile-header-display":"","site-post-title":"disabled","ast-breadcrumbs-content":"","ast-featured-img":"disabled","footer-sml-layout":"","theme-transparent-header-meta":"","adv-header-id-meta":"","stick-header-meta":"","header-above-stick-meta":"","header-main-stick-meta":"","header-below-stick-meta":"","footnotes":""},"class_list":["post-1294","page","type-page","status-publish","hentry"],"_links":{"self":[{"href":"https:\/\/skresau.fi\/index.php\/wp-json\/wp\/v2\/pages\/1294","targetHints":{"allow":["GET"]}}],"collection":[{"href":"https:\/\/skresau.fi\/index.php\/wp-json\/wp\/v2\/pages"}],"about":[{"href":"https:\/\/skresau.fi\/index.php\/wp-json\/wp\/v2\/types\/page"}],"author":[{"embeddable":true,"href":"https:\/\/skresau.fi\/index.php\/wp-json\/wp\/v2\/users\/1"}],"replies":[{"embeddable":true,"href":"https:\/\/skresau.fi\/index.php\/wp-json\/wp\/v2\/comments?post=1294"}],"version-history":[{"count":9,"href":"https:\/\/skresau.fi\/index.php\/wp-json\/wp\/v2\/pages\/1294\/revisions"}],"predecessor-version":[{"id":1542,"href":"https:\/\/skresau.fi\/index.php\/wp-json\/wp\/v2\/pages\/1294\/revisions\/1542"}],"wp:attachment":[{"href":"https:\/\/skresau.fi\/index.php\/wp-json\/wp\/v2\/media?parent=1294"}],"curies":[{"name":"wp","href":"https:\/\/api.w.org\/{rel}","templated":true}]}}